{"id":1088,"date":"2020-03-02T09:26:38","date_gmt":"2020-03-02T08:26:38","guid":{"rendered":"https:\/\/eticasfoundation.org\/?page_id=1088"},"modified":"2020-05-26T16:48:19","modified_gmt":"2020-05-26T14:48:19","slug":"education","status":"publish","type":"page","link":"https:\/\/dev.eticasfoundation.org\/es\/education\/","title":{"rendered":"Educaci\u00f3n"},"content":{"rendered":"<div data-elementor-type=\"wp-page\" data-elementor-id=\"1088\" class=\"elementor elementor-1088\">\n\t\t\t\t\t\t<div class=\"elementor-inner\">\n\t\t\t\t<div class=\"elementor-section-wrap\">\n\t\t\t\t\t\t\t\t\t<section class=\"elementor-section elementor-top-section elementor-element elementor-element-368b6f78 elementor-section-boxed elementor-section-height-default elementor-section-height-default\" data-id=\"368b6f78\" data-element_type=\"section\" data-settings=\"{&quot;background_background&quot;:&quot;classic&quot;,&quot;shape_divider_bottom&quot;:&quot;opacity-tilt&quot;}\">\n\t\t\t\t\t\t\t<div class=\"elementor-background-overlay\"><\/div>\n\t\t\t\t\t\t<div class=\"elementor-shape elementor-shape-bottom\" data-negative=\"false\">\n\t\t\t<svg xmlns=\"http:\/\/www.w3.org\/2000\/svg\" viewbox=\"0 0 2600 131.1\" preserveaspectratio=\"none\">\n\t<path class=\"elementor-shape-fill\" d=\"M0 0L2600 0 2600 69.1 0 0z\"\/>\n\t<path class=\"elementor-shape-fill\" style=\"opacity:0.5\" d=\"M0 0L2600 0 2600 69.1 0 69.1z\"\/>\n\t<path class=\"elementor-shape-fill\" style=\"opacity:0.25\" d=\"M2600 0L0 0 0 130.1 2600 69.1z\"\/>\n<\/svg>\t\t<\/div>\n\t\t\t\t\t<div class=\"elementor-container elementor-column-gap-default\">\n\t\t\t\t\t\t\t<div class=\"elementor-row\">\n\t\t\t\t\t<div class=\"elementor-column elementor-col-100 elementor-top-column elementor-element elementor-element-6e5be357\" data-id=\"6e5be357\" data-element_type=\"column\">\n\t\t\t<div class=\"elementor-column-wrap elementor-element-populated\">\n\t\t\t\t\t\t\t<div class=\"elementor-widget-wrap\">\n\t\t\t\t\t\t<div class=\"elementor-element elementor-element-290f895c elementor-widget elementor-widget-heading\" data-id=\"290f895c\" data-element_type=\"widget\" data-widget_type=\"heading.default\">\n\t\t\t\t<div class=\"elementor-widget-container\">\n\t\t\t<h1 class=\"elementor-heading-title elementor-size-default\">Educaci\u00f3n<\/h1>\t\t<\/div>\n\t\t\t\t<\/div>\n\t\t\t\t<section class=\"elementor-section elementor-inner-section elementor-element elementor-element-44fce290 elementor-section-boxed elementor-section-height-default elementor-section-height-default\" data-id=\"44fce290\" data-element_type=\"section\" data-settings=\"{&quot;background_background&quot;:&quot;classic&quot;}\">\n\t\t\t\t\t\t<div class=\"elementor-container elementor-column-gap-default\">\n\t\t\t\t\t\t\t<div class=\"elementor-row\">\n\t\t\t\t\t<div class=\"elementor-column elementor-col-100 elementor-inner-column elementor-element elementor-element-cfe820d\" data-id=\"cfe820d\" data-element_type=\"column\">\n\t\t\t<div class=\"elementor-column-wrap elementor-element-populated\">\n\t\t\t\t\t\t\t<div class=\"elementor-widget-wrap\">\n\t\t\t\t\t\t<div class=\"elementor-element elementor-element-5dd440c elementor-widget elementor-widget-text-editor\" data-id=\"5dd440c\" data-element_type=\"widget\" data-widget_type=\"text-editor.default\">\n\t\t\t\t<div class=\"elementor-widget-container\">\n\t\t\t\t\t\t\t\t<div class=\"elementor-text-editor elementor-clearfix\">\n\t\t\t\t<p>El uso de tecnolog\u00eda, junto con los m\u00e9todos de ense\u00f1anza personalizados, se est\u00e1 volviendo cada vez m\u00e1s habitual en el \u00e1mbito acad\u00e9mico, ya que puede mejorar y potenciar el aprendizaje de los estudiantes. Con el tiempo, podremos ver qu\u00e9 ayuda a los estudiantes, qu\u00e9 factores no acad\u00e9micos influyen en su aprendizaje, las posibles desigualdades que entra\u00f1a el nuevo sistema, y proporcionar a la vez sistemas de aprendizaje personalizados.<\/p><p>Sin embargo, para que la edtech y los algoritmos se ganen a las familias y educadores, la transparencia, el intercambio de informaci\u00f3n y la privacidad son esenciales. Tanto familias como educadores no pueden tomar decisiones informadas sin ellos. En la \u00faltima d\u00e9cada, los ordenadores port\u00e1tiles, las tabletas, las redes sociales, los sitios web y las aplicaciones \"gratuitas\" han sustituido a las tradicionales hojas de trabajo escolar en papel, las tareas de clase y las evaluaciones. Como resultado de ello, <strong>los estudiantes generan autom\u00e1ticamente enormes cantidades de datos sensibles sobre s\u00ed mismos<\/strong> cada d\u00eda sin que se apliquen medidas de privacidad y seguridad. Los datos sensibles incluyen nombres, fechas de nacimiento, domicilios particulares, incluso registros de salud, remisiones a centros de educaci\u00f3n especial y, en algunos casos, datos biom\u00e9tricos como huellas dactilares y escaneos faciales. Sin las normas adecuadas de privacidad y seguridad, no podemos establecer la m\u00e9trica necesaria para cuantificar el grado de cumplimiento de los requisitos por parte de las aplicaciones y servicios, ni la mejora del aprendizaje personalizado.<\/p>\t\t\t\t\t<\/div>\n\t\t\t\t\t\t<\/div>\n\t\t\t\t<\/div>\n\t\t\t\t\t\t<\/div>\n\t\t\t\t\t<\/div>\n\t\t<\/div>\n\t\t\t\t\t\t\t\t<\/div>\n\t\t\t\t\t<\/div>\n\t\t<\/section>\n\t\t\t\t\t\t<\/div>\n\t\t\t\t\t<\/div>\n\t\t<\/div>\n\t\t\t\t\t\t\t\t<\/div>\n\t\t\t\t\t<\/div>\n\t\t<\/section>\n\t\t\t\t<section class=\"elementor-section elementor-top-section elementor-element elementor-element-44f215f3 elementor-section-boxed elementor-section-height-default elementor-section-height-default\" data-id=\"44f215f3\" data-element_type=\"section\">\n\t\t\t\t\t\t<div class=\"elementor-container elementor-column-gap-default\">\n\t\t\t\t\t\t\t<div class=\"elementor-row\">\n\t\t\t\t\t<div class=\"elementor-column elementor-col-100 elementor-top-column elementor-element elementor-element-442d860b\" data-id=\"442d860b\" data-element_type=\"column\">\n\t\t\t<div class=\"elementor-column-wrap elementor-element-populated\">\n\t\t\t\t\t\t\t<div class=\"elementor-widget-wrap\">\n\t\t\t\t\t\t<div class=\"elementor-element elementor-element-2364fafc elementor-widget elementor-widget-heading\" data-id=\"2364fafc\" data-element_type=\"widget\" data-widget_type=\"heading.default\">\n\t\t\t\t<div class=\"elementor-widget-container\">\n\t\t\t<h2 class=\"elementor-heading-title elementor-size-default\">Recursos<\/h2>\t\t<\/div>\n\t\t\t\t<\/div>\n\t\t\t\t<div class=\"elementor-element elementor-element-5bab464e elementor-skin-carousel elementor-arrows-yes elementor-pagination-type-bullets elementor-pagination-position-outside elementor-widget elementor-widget-media-carousel\" data-id=\"5bab464e\" data-element_type=\"widget\" data-settings=\"{&quot;skin&quot;:&quot;carousel&quot;,&quot;effect&quot;:&quot;slide&quot;,&quot;show_arrows&quot;:&quot;yes&quot;,&quot;pagination&quot;:&quot;bullets&quot;,&quot;speed&quot;:500,&quot;autoplay&quot;:&quot;yes&quot;,&quot;autoplay_speed&quot;:5000,&quot;loop&quot;:&quot;yes&quot;,&quot;pause_on_hover&quot;:&quot;yes&quot;,&quot;pause_on_interaction&quot;:&quot;yes&quot;,&quot;space_between&quot;:{&quot;unit&quot;:&quot;px&quot;,&quot;size&quot;:10,&quot;sizes&quot;:[]},&quot;space_between_tablet&quot;:{&quot;unit&quot;:&quot;px&quot;,&quot;size&quot;:10,&quot;sizes&quot;:[]},&quot;space_between_mobile&quot;:{&quot;unit&quot;:&quot;px&quot;,&quot;size&quot;:10,&quot;sizes&quot;:[]}}\" data-widget_type=\"media-carousel.default\">\n\t\t\t\t<div class=\"elementor-widget-container\">\n\t\t\t\t\t<div class=\"elementor-swiper\">\n\t\t\t<div class=\"elementor-main-swiper swiper-container\">\n\t\t\t\t<div class=\"swiper-wrapper\">\n\t\t\t\t\t\t\t\t\t\t\t<div class=\"swiper-slide\">\n\t\t\t\t\t\t\t<a href=\"https:\/\/eticasfoundation.org\/education\/igop-book-chapter-jovenes-internet-y-politica-ante-el-reto-de-la-privacidad\/\">\t\t<div class=\"elementor-carousel-image\" style=\"background-image: url(https:\/\/dev.eticasfoundation.org\/wp-content\/uploads\/2020\/05\/Book-Chapter.png)\">\n\t\t\t\t\t<\/div>\n\t\t\t\t\t<div class=\"elementor-carousel-image-overlay e-overlay-animation-fade\">\n\t\t\t\tJ\u00f3venes, internet y pol\u00edtica ante el reto de la privacidad\t\t\t<\/div>\n\t\t\t<\/a>\t\t\t\t\t\t<\/div>\n\t\t\t\t\t\t\t\t\t\t\t<div class=\"swiper-slide\">\n\t\t\t\t\t\t\t<a href=\"https:\/\/eticasfoundation.org\/education\/decaleg-escoles\/\">\t\t<div class=\"elementor-carousel-image\" style=\"background-image: url(https:\/\/dev.eticasfoundation.org\/wp-content\/uploads\/2020\/05\/Class-by-NeONBRAND-on-Unsplash.jpg)\">\n\t\t\t\t\t<\/div>\n\t\t\t\t\t<div class=\"elementor-carousel-image-overlay e-overlay-animation-fade\">\n\t\t\t\tEscuelas: las 10 cosas que deb\u00e9is saber para adaptaros al nuevo RGPD\t\t\t<\/div>\n\t\t\t<\/a>\t\t\t\t\t\t<\/div>\n\t\t\t\t\t\t\t\t\t\t\t<div class=\"swiper-slide\">\n\t\t\t\t\t\t\t<a href=\"https:\/\/eticasfoundation.org\/wp-content\/uploads\/2020\/03\/Entorns-segurs-final_-Spanish_20-06-2018.pdf\">\t\t<div class=\"elementor-carousel-image\" style=\"background-image: url(https:\/\/dev.eticasfoundation.org\/wp-content\/uploads\/2020\/05\/Safe-Environments-scaled.jpg)\">\n\t\t\t\t\t<\/div>\n\t\t\t\t\t<div class=\"elementor-carousel-image-overlay e-overlay-animation-fade\">\n\t\t\t\tEntornos seguros\t\t\t<\/div>\n\t\t\t<\/a>\t\t\t\t\t\t<\/div>\n\t\t\t\t\t\t\t\t\t<\/div>\n\t\t\t\t\t\t\t\t\t\t\t\t\t\t\t<div class=\"swiper-pagination\"><\/div>\n\t\t\t\t\t\t\t\t\t\t\t\t\t\t\t\t<div class=\"elementor-swiper-button elementor-swiper-button-prev\">\n\t\t\t\t\t\t\t<i aria-hidden=\"true\" class=\"eicon-chevron-left\"><\/i>\t\t\t\t\t\t\t<span class=\"elementor-screen-only\">Previous<\/span>\n\t\t\t\t\t\t<\/div>\n\t\t\t\t\t\t<div class=\"elementor-swiper-button elementor-swiper-button-next\">\n\t\t\t\t\t\t\t<i aria-hidden=\"true\" class=\"eicon-chevron-right\"><\/i>\t\t\t\t\t\t\t<span class=\"elementor-screen-only\">Next<\/span>\n\t\t\t\t\t\t<\/div>\n\t\t\t\t\t\t\t\t\t\t\t\t<\/div>\n\t\t<\/div>\n\t\t\t\t<\/div>\n\t\t\t\t<\/div>\n\t\t\t\t\t\t<\/div>\n\t\t\t\t\t<\/div>\n\t\t<\/div>\n\t\t\t\t\t\t\t\t<\/div>\n\t\t\t\t\t<\/div>\n\t\t<\/section>\n\t\t\t\t<section class=\"elementor-section elementor-top-section elementor-element elementor-element-0674d6d elementor-section-boxed elementor-section-height-default elementor-section-height-default\" data-id=\"0674d6d\" data-element_type=\"section\">\n\t\t\t\t\t\t<div class=\"elementor-container elementor-column-gap-default\">\n\t\t\t\t\t\t\t<div class=\"elementor-row\">\n\t\t\t\t\t<div class=\"elementor-column elementor-col-100 elementor-top-column elementor-element elementor-element-e0d905c\" data-id=\"e0d905c\" data-element_type=\"column\">\n\t\t\t<div class=\"elementor-column-wrap elementor-element-populated\">\n\t\t\t\t\t\t\t<div class=\"elementor-widget-wrap\">\n\t\t\t\t\t\t<div class=\"elementor-element elementor-element-4857115 elementor-widget-divider--view-line elementor-widget elementor-widget-divider\" data-id=\"4857115\" data-element_type=\"widget\" data-widget_type=\"divider.default\">\n\t\t\t\t<div class=\"elementor-widget-container\">\n\t\t\t\t\t<div class=\"elementor-divider\">\n\t\t\t<span class=\"elementor-divider-separator\">\n\t\t\t\t\t\t<\/span>\n\t\t<\/div>\n\t\t\t\t<\/div>\n\t\t\t\t<\/div>\n\t\t\t\t\t\t<\/div>\n\t\t\t\t\t<\/div>\n\t\t<\/div>\n\t\t\t\t\t\t\t\t<\/div>\n\t\t\t\t\t<\/div>\n\t\t<\/section>\n\t\t\t\t<section class=\"elementor-section elementor-top-section elementor-element elementor-element-44b4ef6f elementor-section-boxed elementor-section-height-default elementor-section-height-default\" data-id=\"44b4ef6f\" data-element_type=\"section\">\n\t\t\t\t\t\t<div class=\"elementor-container elementor-column-gap-default\">\n\t\t\t\t\t\t\t<div class=\"elementor-row\">\n\t\t\t\t\t<div class=\"elementor-column elementor-col-100 elementor-top-column elementor-element elementor-element-30d466be\" data-id=\"30d466be\" data-element_type=\"column\">\n\t\t\t<div class=\"elementor-column-wrap elementor-element-populated\">\n\t\t\t\t\t\t\t<div class=\"elementor-widget-wrap\">\n\t\t\t\t\t\t<div class=\"elementor-element elementor-element-a16958f elementor-widget elementor-widget-heading\" data-id=\"a16958f\" data-element_type=\"widget\" data-widget_type=\"heading.default\">\n\t\t\t\t<div class=\"elementor-widget-container\">\n\t\t\t<h2 class=\"elementor-heading-title elementor-size-default\">NUESTROS PROYECTOS<\/h2>\t\t<\/div>\n\t\t\t\t<\/div>\n\t\t\t\t\t\t<\/div>\n\t\t\t\t\t<\/div>\n\t\t<\/div>\n\t\t\t\t\t\t\t\t<\/div>\n\t\t\t\t\t<\/div>\n\t\t<\/section>\n\t\t\t\t<section class=\"elementor-section elementor-top-section elementor-element elementor-element-50cf1fd1 elementor-section-boxed elementor-section-height-default elementor-section-height-default\" data-id=\"50cf1fd1\" data-element_type=\"section\" data-settings=\"{&quot;background_background&quot;:&quot;gradient&quot;}\">\n\t\t\t\t\t\t<div class=\"elementor-container elementor-column-gap-default\">\n\t\t\t\t\t\t\t<div class=\"elementor-row\">\n\t\t\t\t\t<div class=\"elementor-column elementor-col-33 elementor-top-column elementor-element elementor-element-5572d71c\" data-id=\"5572d71c\" data-element_type=\"column\">\n\t\t\t<div class=\"elementor-column-wrap elementor-element-populated\">\n\t\t\t\t\t\t\t<div class=\"elementor-widget-wrap\">\n\t\t\t\t\t\t<div class=\"elementor-element elementor-element-4b6c5980 elementor-widget elementor-widget-heading\" data-id=\"4b6c5980\" data-element_type=\"widget\" data-widget_type=\"heading.default\">\n\t\t\t\t<div class=\"elementor-widget-container\">\n\t\t\t<h3 class=\"elementor-heading-title elementor-size-large\"><a href=\"https:\/\/eticasfoundation.org\/education-technology\/entorns-segurs\/\">ENTORNS SEGURS<\/a><\/h3>\t\t<\/div>\n\t\t\t\t<\/div>\n\t\t\t\t<div class=\"elementor-element elementor-element-34095856 elementor-widget elementor-widget-text-editor\" data-id=\"34095856\" data-element_type=\"widget\" data-widget_type=\"text-editor.default\">\n\t\t\t\t<div class=\"elementor-widget-container\">\n\t\t\t\t\t\t\t\t<div class=\"elementor-text-editor elementor-clearfix\">\n\t\t\t\t<p><em>Eticas Foundation, Ajuntament de Barcelona<\/em><\/p>\t\t\t\t\t<\/div>\n\t\t\t\t\t\t<\/div>\n\t\t\t\t<\/div>\n\t\t\t\t\t\t<\/div>\n\t\t\t\t\t<\/div>\n\t\t<\/div>\n\t\t\t\t<div class=\"elementor-column elementor-col-66 elementor-top-column elementor-element elementor-element-46e9d9c7\" data-id=\"46e9d9c7\" data-element_type=\"column\" data-settings=\"{&quot;background_background&quot;:&quot;classic&quot;}\">\n\t\t\t<div class=\"elementor-column-wrap elementor-element-populated\">\n\t\t\t\t\t\t\t<div class=\"elementor-widget-wrap\">\n\t\t\t\t\t\t<div class=\"elementor-element elementor-element-5450761c elementor-widget elementor-widget-text-editor\" data-id=\"5450761c\" data-element_type=\"widget\" data-widget_type=\"text-editor.default\">\n\t\t\t\t<div class=\"elementor-widget-container\">\n\t\t\t\t\t\t\t\t<div class=\"elementor-text-editor elementor-clearfix\">\n\t\t\t\t<p>El proyecto Entorns Segurs ha estudiado las pr\u00e1cticas asociadas con el uso y manejo de datos digitales en los institutos de Barcelona, evaluando c\u00f3mo la proliferaci\u00f3n de las tecnolog\u00edas digitales en entornos educativos se ha desarrollado e implementado sin seguir protocolos que garanticen de forma eficaz la protecci\u00f3n de los datos de los estudiantes. Se busca as\u00ed contribuir al debate sobre la incorporaci\u00f3n de las nuevas tecnolog\u00edas en el \u00e1mbito educativo, y lograr unas mejores pol\u00edticas de privacidad y administraci\u00f3n de los datos en ese \u00e1mbito.<\/p>\t\t\t\t\t<\/div>\n\t\t\t\t\t\t<\/div>\n\t\t\t\t<\/div>\n\t\t\t\t<div class=\"elementor-element elementor-element-21556148 elementor-widget elementor-widget-button\" data-id=\"21556148\" data-element_type=\"widget\" data-widget_type=\"button.default\">\n\t\t\t\t<div class=\"elementor-widget-container\">\n\t\t\t\t\t<div class=\"elementor-button-wrapper\">\n\t\t\t<a href=\"https:\/\/eticasfoundation.org\/education-technology\/entorns-segurs\/\" class=\"elementor-button-link elementor-button elementor-size-sm\" role=\"button\">\n\t\t\t\t\t\t<span class=\"elementor-button-content-wrapper\">\n\t\t\t\t\t\t\t<span class=\"elementor-button-icon elementor-align-icon-right\">\n\t\t\t\t<i aria-hidden=\"true\" class=\"fas fa-arrow-right\"><\/i>\t\t\t<\/span>\n\t\t\t\t\t\t<span class=\"elementor-button-text\">Ver p\u00e1gina de proyecto<\/span>\n\t\t<\/span>\n\t\t\t\t\t<\/a>\n\t\t<\/div>\n\t\t\t\t<\/div>\n\t\t\t\t<\/div>\n\t\t\t\t\t\t<\/div>\n\t\t\t\t\t<\/div>\n\t\t<\/div>\n\t\t\t\t\t\t\t\t<\/div>\n\t\t\t\t\t<\/div>\n\t\t<\/section>\n\t\t\t\t<section class=\"elementor-section elementor-top-section elementor-element elementor-element-ef111e4 elementor-section-boxed elementor-section-height-default elementor-section-height-default\" data-id=\"ef111e4\" data-element_type=\"section\">\n\t\t\t\t\t\t<div class=\"elementor-container elementor-column-gap-default\">\n\t\t\t\t\t\t\t<div class=\"elementor-row\">\n\t\t\t\t\t<div class=\"elementor-column elementor-col-100 elementor-top-column elementor-element elementor-element-f6735c1\" data-id=\"f6735c1\" data-element_type=\"column\">\n\t\t\t<div class=\"elementor-column-wrap elementor-element-populated\">\n\t\t\t\t\t\t\t<div class=\"elementor-widget-wrap\">\n\t\t\t\t\t\t<div class=\"elementor-element elementor-element-a455305 elementor-widget-divider--view-line elementor-widget elementor-widget-divider\" data-id=\"a455305\" data-element_type=\"widget\" data-widget_type=\"divider.default\">\n\t\t\t\t<div class=\"elementor-widget-container\">\n\t\t\t\t\t<div class=\"elementor-divider\">\n\t\t\t<span class=\"elementor-divider-separator\">\n\t\t\t\t\t\t<\/span>\n\t\t<\/div>\n\t\t\t\t<\/div>\n\t\t\t\t<\/div>\n\t\t\t\t\t\t<\/div>\n\t\t\t\t\t<\/div>\n\t\t<\/div>\n\t\t\t\t\t\t\t\t<\/div>\n\t\t\t\t\t<\/div>\n\t\t<\/section>\n\t\t\t\t<section class=\"elementor-section elementor-top-section elementor-element elementor-element-31c9260f elementor-section-boxed elementor-section-height-default elementor-section-height-default\" data-id=\"31c9260f\" data-element_type=\"section\">\n\t\t\t\t\t\t<div class=\"elementor-container elementor-column-gap-default\">\n\t\t\t\t\t\t\t<div class=\"elementor-row\">\n\t\t\t\t\t<div class=\"elementor-column elementor-col-100 elementor-top-column elementor-element elementor-element-33e24b4f\" data-id=\"33e24b4f\" data-element_type=\"column\">\n\t\t\t<div class=\"elementor-column-wrap elementor-element-populated\">\n\t\t\t\t\t\t\t<div class=\"elementor-widget-wrap\">\n\t\t\t\t\t\t<div class=\"elementor-element elementor-element-c88b33a elementor-widget elementor-widget-heading\" data-id=\"c88b33a\" data-element_type=\"widget\" data-widget_type=\"heading.default\">\n\t\t\t\t<div class=\"elementor-widget-container\">\n\t\t\t<h2 class=\"elementor-heading-title elementor-size-default\">ENTRADAS RELACIONADAS<\/h2>\t\t<\/div>\n\t\t\t\t<\/div>\n\t\t\t\t\t\t<\/div>\n\t\t\t\t\t<\/div>\n\t\t<\/div>\n\t\t\t\t\t\t\t\t<\/div>\n\t\t\t\t\t<\/div>\n\t\t<\/section>\n\t\t\t\t\t\t\t\t\t<\/div>\n\t\t\t<\/div>\n\t\t\t\t\t<\/div>","protected":false},"excerpt":{"rendered":"<p>Education Technology coupled with personalized teaching methods are becoming increasingly popular as it can improve and enhance student learning. Over time, we can see what helps students, what non-academic factors influence student learning, potential inequalities in the system, and provide personalized learning systems. However, for algorithms and edtech to win over parents and educators, transparency, [&hellip;]<\/p>","protected":false},"author":1,"featured_media":0,"parent":0,"menu_order":0,"comment_status":"closed","ping_status":"closed","template":"","meta":[],"yoast_head":"<!-- This site is optimized with the Yoast SEO plugin v19.5.1 - https:\/\/yoast.com\/wordpress\/plugins\/seo\/ -->\n<title>Education - Eticas Foundation<\/title>\n<meta name=\"robots\" content=\"index, follow, max-snippet:-1, max-image-preview:large, max-video-preview:-1\" \/>\n<link rel=\"canonical\" href=\"https:\/\/dev.eticasfoundation.org\/es\/education\/\" \/>\n<meta property=\"og:locale\" content=\"es_ES\" \/>\n<meta property=\"og:type\" content=\"article\" \/>\n<meta property=\"og:title\" content=\"Education - Eticas Foundation\" \/>\n<meta property=\"og:description\" content=\"Education Technology coupled with personalized teaching methods are becoming increasingly popular as it can improve and enhance student learning. Over time, we can see what helps students, what non-academic factors influence student learning, potential inequalities in the system, and provide personalized learning systems. However, for algorithms and edtech to win over parents and educators, transparency, [&hellip;]\" \/>\n<meta property=\"og:url\" content=\"https:\/\/dev.eticasfoundation.org\/es\/education\/\" \/>\n<meta property=\"og:site_name\" content=\"Eticas Foundation\" \/>\n<meta property=\"article:modified_time\" content=\"2020-05-26T14:48:19+00:00\" \/>\n<meta name=\"twitter:card\" content=\"summary_large_image\" \/>\n<meta name=\"twitter:label1\" content=\"Tiempo de lectura\" \/>\n\t<meta name=\"twitter:data1\" content=\"1 minuto\" \/>\n<script type=\"application\/ld+json\" class=\"yoast-schema-graph\">{\"@context\":\"https:\/\/schema.org\",\"@graph\":[{\"@type\":\"WebPage\",\"@id\":\"https:\/\/dev.eticasfoundation.org\/education\/\",\"url\":\"https:\/\/dev.eticasfoundation.org\/education\/\",\"name\":\"Education - Eticas Foundation\",\"isPartOf\":{\"@id\":\"https:\/\/dev.eticasfoundation.org\/#website\"},\"datePublished\":\"2020-03-02T08:26:38+00:00\",\"dateModified\":\"2020-05-26T14:48:19+00:00\",\"breadcrumb\":{\"@id\":\"https:\/\/dev.eticasfoundation.org\/education\/#breadcrumb\"},\"inLanguage\":\"es\",\"potentialAction\":[{\"@type\":\"ReadAction\",\"target\":[\"https:\/\/dev.eticasfoundation.org\/education\/\"]}]},{\"@type\":\"BreadcrumbList\",\"@id\":\"https:\/\/dev.eticasfoundation.org\/education\/#breadcrumb\",\"itemListElement\":[{\"@type\":\"ListItem\",\"position\":1,\"name\":\"Home\",\"item\":\"https:\/\/dev.eticasfoundation.org\/\"},{\"@type\":\"ListItem\",\"position\":2,\"name\":\"Education\"}]},{\"@type\":\"WebSite\",\"@id\":\"https:\/\/dev.eticasfoundation.org\/#website\",\"url\":\"https:\/\/dev.eticasfoundation.org\/\",\"name\":\"Eticas Foundation\",\"description\":\"Society \u00b7 Technology \u00b7 Responsibility\",\"publisher\":{\"@id\":\"https:\/\/dev.eticasfoundation.org\/#organization\"},\"potentialAction\":[{\"@type\":\"SearchAction\",\"target\":{\"@type\":\"EntryPoint\",\"urlTemplate\":\"https:\/\/dev.eticasfoundation.org\/?s={search_term_string}\"},\"query-input\":\"required name=search_term_string\"}],\"inLanguage\":\"es\"},{\"@type\":\"Organization\",\"@id\":\"https:\/\/dev.eticasfoundation.org\/#organization\",\"name\":\"Eticas Foundation\",\"url\":\"https:\/\/dev.eticasfoundation.org\/\",\"sameAs\":[],\"logo\":{\"@type\":\"ImageObject\",\"inLanguage\":\"es\",\"@id\":\"https:\/\/dev.eticasfoundation.org\/#\/schema\/logo\/image\/\",\"url\":\"https:\/\/eticasfoundation.org\/wp-content\/uploads\/2020\/04\/eticas-foundation-logo-grande.png\",\"contentUrl\":\"https:\/\/eticasfoundation.org\/wp-content\/uploads\/2020\/04\/eticas-foundation-logo-grande.png\",\"width\":750,\"height\":400,\"caption\":\"Eticas Foundation\"},\"image\":{\"@id\":\"https:\/\/dev.eticasfoundation.org\/#\/schema\/logo\/image\/\"}}]}<\/script>\n<!-- \/ Yoast SEO plugin. -->","yoast_head_json":{"title":"Education - Eticas Foundation","robots":{"index":"index","follow":"follow","max-snippet":"max-snippet:-1","max-image-preview":"max-image-preview:large","max-video-preview":"max-video-preview:-1"},"canonical":"https:\/\/dev.eticasfoundation.org\/es\/education\/","og_locale":"es_ES","og_type":"article","og_title":"Education - Eticas Foundation","og_description":"Education Technology coupled with personalized teaching methods are becoming increasingly popular as it can improve and enhance student learning. Over time, we can see what helps students, what non-academic factors influence student learning, potential inequalities in the system, and provide personalized learning systems. However, for algorithms and edtech to win over parents and educators, transparency, [&hellip;]","og_url":"https:\/\/dev.eticasfoundation.org\/es\/education\/","og_site_name":"Eticas Foundation","article_modified_time":"2020-05-26T14:48:19+00:00","twitter_card":"summary_large_image","twitter_misc":{"Tiempo de lectura":"1 minuto"},"schema":{"@context":"https:\/\/schema.org","@graph":[{"@type":"WebPage","@id":"https:\/\/dev.eticasfoundation.org\/education\/","url":"https:\/\/dev.eticasfoundation.org\/education\/","name":"Education - Eticas Foundation","isPartOf":{"@id":"https:\/\/dev.eticasfoundation.org\/#website"},"datePublished":"2020-03-02T08:26:38+00:00","dateModified":"2020-05-26T14:48:19+00:00","breadcrumb":{"@id":"https:\/\/dev.eticasfoundation.org\/education\/#breadcrumb"},"inLanguage":"es","potentialAction":[{"@type":"ReadAction","target":["https:\/\/dev.eticasfoundation.org\/education\/"]}]},{"@type":"BreadcrumbList","@id":"https:\/\/dev.eticasfoundation.org\/education\/#breadcrumb","itemListElement":[{"@type":"ListItem","position":1,"name":"Home","item":"https:\/\/dev.eticasfoundation.org\/"},{"@type":"ListItem","position":2,"name":"Education"}]},{"@type":"WebSite","@id":"https:\/\/dev.eticasfoundation.org\/#website","url":"https:\/\/dev.eticasfoundation.org\/","name":"Eticas Foundation","description":"Society \u00b7 Technology \u00b7 Responsibility","publisher":{"@id":"https:\/\/dev.eticasfoundation.org\/#organization"},"potentialAction":[{"@type":"SearchAction","target":{"@type":"EntryPoint","urlTemplate":"https:\/\/dev.eticasfoundation.org\/?s={search_term_string}"},"query-input":"required name=search_term_string"}],"inLanguage":"es"},{"@type":"Organization","@id":"https:\/\/dev.eticasfoundation.org\/#organization","name":"Eticas Foundation","url":"https:\/\/dev.eticasfoundation.org\/","sameAs":[],"logo":{"@type":"ImageObject","inLanguage":"es","@id":"https:\/\/dev.eticasfoundation.org\/#\/schema\/logo\/image\/","url":"https:\/\/eticasfoundation.org\/wp-content\/uploads\/2020\/04\/eticas-foundation-logo-grande.png","contentUrl":"https:\/\/eticasfoundation.org\/wp-content\/uploads\/2020\/04\/eticas-foundation-logo-grande.png","width":750,"height":400,"caption":"Eticas Foundation"},"image":{"@id":"https:\/\/dev.eticasfoundation.org\/#\/schema\/logo\/image\/"}}]}},"_links":{"self":[{"href":"https:\/\/dev.eticasfoundation.org\/es\/wp-json\/wp\/v2\/pages\/1088"}],"collection":[{"href":"https:\/\/dev.eticasfoundation.org\/es\/wp-json\/wp\/v2\/pages"}],"about":[{"href":"https:\/\/dev.eticasfoundation.org\/es\/wp-json\/wp\/v2\/types\/page"}],"author":[{"embeddable":true,"href":"https:\/\/dev.eticasfoundation.org\/es\/wp-json\/wp\/v2\/users\/1"}],"replies":[{"embeddable":true,"href":"https:\/\/dev.eticasfoundation.org\/es\/wp-json\/wp\/v2\/comments?post=1088"}],"version-history":[{"count":50,"href":"https:\/\/dev.eticasfoundation.org\/es\/wp-json\/wp\/v2\/pages\/1088\/revisions"}],"predecessor-version":[{"id":2931,"href":"https:\/\/dev.eticasfoundation.org\/es\/wp-json\/wp\/v2\/pages\/1088\/revisions\/2931"}],"wp:attachment":[{"href":"https:\/\/dev.eticasfoundation.org\/es\/wp-json\/wp\/v2\/media?parent=1088"}],"curies":[{"name":"wp","href":"https:\/\/api.w.org\/{rel}","templated":true}]}}